{"id":569,"date":"2021-01-05T09:59:13","date_gmt":"2021-01-05T08:59:13","guid":{"rendered":"https:\/\/wordpress.directeurdeproduction.com\/?page_id=569"},"modified":"2026-01-26T08:59:25","modified_gmt":"2026-01-26T07:59:25","slug":"notre-metier","status":"publish","type":"page","link":"https:\/\/directeurdeproduction.com\/fr_fr\/notre-metier\/","title":{"rendered":"Notre m\u00e9tier"},"content":{"rendered":"<div class=\"wpb-content-wrapper\"><div class=\"vc_row wpb_row vc_row-fluid\"><div class=\"wpb_column vc_column_container vc_col-sm-12\"><div class=\"vc_column-inner\"><div class=\"wpb_wrapper\"><div id=\"ultimate-heading-298169f33c09af8d9\" class=\"uvc-heading ult-adjust-bottom-margin ultimate-heading-298169f33c09af8d9 uvc-5563 \" data-hspacer=\"no_spacer\"  data-halign=\"left\" style=\"text-align:left\"><div class=\"uvc-heading-spacer no_spacer\" style=\"top\"><\/div><div class=\"uvc-main-heading ult-responsive\"  data-ultimate-target='.uvc-heading.ultimate-heading-298169f33c09af8d9 h2'  data-responsive-json-new='{\"font-size\":\"\",\"line-height\":\"\"}' ><h2 style=\"font-weight:normal;\">Notre m\u00e9tier<\/h2><\/div><\/div><\/div><\/div><\/div><\/div><div data-vc-full-width=\"true\" data-vc-full-width-temp=\"true\" data-vc-full-width-init=\"false\" data-vc-stretch-content=\"true\" class=\"vc_row wpb_row vc_row-fluid vc_row-o-equal-height vc_row-o-content-bottom vc_row-flex\"><div class=\"wpb_column vc_column_container vc_col-sm-1 vc_hidden-xs\"><div class=\"vc_column-inner\"><div class=\"wpb_wrapper\"><\/div><\/div><\/div><div class=\"Col-Asso wpb_column vc_column_container vc_col-sm-9\"><div class=\"vc_column-inner vc_custom_1741951670837\"><div class=\"wpb_wrapper\">\n\t<div class=\"wpb_text_column wpb_content_element justif\" >\n\t\t<div class=\"wpb_wrapper\">\n\t\t\t<p class=\"p1\">Nous sommes engag\u00e9\u00b7es par une soci\u00e9t\u00e9 de production en vue de la r\u00e9alisation d\u2019une \u0153uvre cin\u00e9ma ou audiovisuelle.<\/p>\n<p>&nbsp;<\/p>\n<p>Nous repr\u00e9sentons la\/le productrice\u00b7teur, de la pr\u00e9paration \u00e0 la fin des prises de vues et, \u00e9ventuellement, jusqu\u2019\u00e0 l\u2019<wbr \/>\u00e9tablissement de la copie standard.<\/p>\n<p>&nbsp;<\/p>\n<p>Nous assurons la direction et\u00a0l\u2019organisation g\u00e9n\u00e9rale du travail dans le cadre des lois et r\u00e8glements en\u00a0vigueur.<\/p>\n<p>Nous\u00a0assurons le suivi quotidien\u00a0du tournage\u00a0sur le plateau, nous en avons la responsabilit\u00e9 \u00e9conomique sociale et\u00a0juridique.<\/p>\n<p>&nbsp;<\/p>\n<p>Dans l\u2019exercice de nos fonctions, nous\u00a0veillons au respect des r\u00e8gles d\u2019hygi\u00e8ne et de s\u00e9curit\u00e9 en vigueur.<\/p>\n<p>&nbsp;<\/p>\n<p>Nous sommes responsables de\u00a0l\u2019\u00e9tablissement du devis et g\u00e8rons les d\u00e9penses de la production du film.<\/p>\n<p>Nous sommes les gestionnaires de la production qui nous est confi\u00e9e et nous devons veiller \u00e0 assurer la qualit\u00e9 du produit d\u00e9fini par la\/le productrice\u00b7teur et la\/le r\u00e9alisatrice\u00b7teur, en fonction d\u2019un budget d\u00e9termin\u00e9 et approuv\u00e9 par diff\u00e9rentes\u00b7ts interlocutrices\u00b7teurs (<wbr \/>producteurs, diffuseurs, distributeurs\u2026).<\/p>\n<p>&nbsp;<\/p>\n<p>Nous supervisons le plan de travail et\u00a0agr\u00e9ons celui-ci.<\/p>\n<p>&nbsp;<\/p>\n<p>Nous sommes charg\u00e9s de l\u2019engagement de\u00a0l\u2019\u00e9quipe technique et artistique\u00a0concourant\u00a0au tournage et \u00e0 la postproduction du film.<\/p>\n<p>&nbsp;<\/p>\n<p>Nous n\u00e9gocions les\u00a0principaux fournisseurs.<\/p>\n\n\t\t<\/div>\n\t<\/div>\n<\/div><\/div><\/div><\/div><div class=\"vc_row-full-width vc_clearfix\"><\/div>\n<\/div>","protected":false},"excerpt":{"rendered":"Notre m\u00e9tier Nous sommes engag\u00e9\u00b7es par une soci\u00e9t\u00e9 de production en vue de la r\u00e9alisation d\u2019une \u0153uvre cin\u00e9ma ou audiovisuelle. &nbsp; Nous repr\u00e9sentons la\/le productrice\u00b7teur, de la pr\u00e9paration \u00e0 la fin des prises de vues et, \u00e9ventuellement, jusqu\u2019\u00e0 l\u2019\u00e9tablissement de [...]","protected":false},"author":1,"featured_media":0,"parent":0,"menu_order":0,"comment_status":"closed","ping_status":"closed","template":"","meta":{"_seopress_robots_primary_cat":"","_seopress_titles_title":"","_seopress_titles_desc":"","_seopress_robots_index":"","_bbp_topic_count":0,"_bbp_reply_count":0,"_bbp_total_topic_count":0,"_bbp_total_reply_count":0,"_bbp_voice_count":0,"_bbp_anonymous_reply_count":0,"_bbp_topic_count_hidden":0,"_bbp_reply_count_hidden":0,"_bbp_forum_subforum_count":0,"footnotes":""},"class_list":["post-569","page","type-page","status-publish","hentry"],"_links":{"self":[{"href":"https:\/\/directeurdeproduction.com\/fr_fr\/wp-json\/wp\/v2\/pages\/569","targetHints":{"allow":["GET"]}}],"collection":[{"href":"https:\/\/directeurdeproduction.com\/fr_fr\/wp-json\/wp\/v2\/pages"}],"about":[{"href":"https:\/\/directeurdeproduction.com\/fr_fr\/wp-json\/wp\/v2\/types\/page"}],"author":[{"embeddable":true,"href":"https:\/\/directeurdeproduction.com\/fr_fr\/wp-json\/wp\/v2\/users\/1"}],"replies":[{"embeddable":true,"href":"https:\/\/directeurdeproduction.com\/fr_fr\/wp-json\/wp\/v2\/comments?post=569"}],"version-history":[{"count":24,"href":"https:\/\/directeurdeproduction.com\/fr_fr\/wp-json\/wp\/v2\/pages\/569\/revisions"}],"predecessor-version":[{"id":3490,"href":"https:\/\/directeurdeproduction.com\/fr_fr\/wp-json\/wp\/v2\/pages\/569\/revisions\/3490"}],"wp:attachment":[{"href":"https:\/\/directeurdeproduction.com\/fr_fr\/wp-json\/wp\/v2\/media?parent=569"}],"curies":[{"name":"wp","href":"https:\/\/api.w.org\/{rel}","templated":true}]}}