{"id":3385,"date":"2026-01-08T14:43:47","date_gmt":"2026-01-08T13:43:47","guid":{"rendered":"https:\/\/directeurdeproduction.com\/?page_id=3385"},"modified":"2026-01-23T17:12:17","modified_gmt":"2026-01-23T16:12:17","slug":"eco-production","status":"publish","type":"page","link":"https:\/\/directeurdeproduction.com\/fr\/eco-production\/","title":{"rendered":"Eco-production"},"content":{"rendered":"<div class=\"wpb-content-wrapper\"><div class=\"vc_row wpb_row vc_row-fluid\"><div class=\"wpb_column vc_column_container vc_col-sm-12\"><div class=\"vc_column-inner\"><div class=\"wpb_wrapper\"><div id=\"ultimate-heading-51396a01d9231ca75\" class=\"uvc-heading ult-adjust-bottom-margin ultimate-heading-51396a01d9231ca75 uvc-3967 \" data-hspacer=\"no_spacer\"  data-halign=\"left\" style=\"text-align:left\"><div class=\"uvc-heading-spacer no_spacer\" style=\"top\"><\/div><div class=\"uvc-main-heading ult-responsive\"  data-ultimate-target='.uvc-heading.ultimate-heading-51396a01d9231ca75 h2'  data-responsive-json-new='{\"font-size\":\"\",\"line-height\":\"\"}' ><h2 style=\"font-weight:normal;\">Eco-production<\/h2><\/div><\/div><\/div><\/div><\/div><\/div><div data-vc-full-width=\"true\" data-vc-full-width-temp=\"true\" data-vc-full-width-init=\"false\" data-vc-stretch-content=\"true\" class=\"vc_row wpb_row vc_row-fluid\"><div class=\"wpb_column vc_column_container vc_col-sm-1 vc_hidden-xs\"><div class=\"vc_column-inner\"><div class=\"wpb_wrapper\"><\/div><\/div><\/div><div class=\"Col-Asso wpb_column vc_column_container vc_col-sm-9\"><div class=\"vc_column-inner vc_custom_1741961586240\"><div class=\"wpb_wrapper\">\n\t<div class=\"wpb_text_column wpb_content_element justif\" >\n\t\t<div class=\"wpb_wrapper\">\n\t\t\t<h4>Qu\u2019est-ce que l\u2019\u00e9co-production ?<\/h4>\n<p>&nbsp;<\/p>\n<p>Il s\u2019agit d\u2019engager des actions visant \u00e0 r\u00e9duire l\u2019impact environnemental de la fabrication d\u2019une \u0153uvre cin\u00e9ma ou audiovisuelle.<\/p>\n<p>&nbsp;<\/p>\n<p>L\u2019objectif est de participer \u00e0 l\u2019effort national de r\u00e9duction de l\u2019empreinte carbone sur lequel la France s\u2019est engag\u00e9e lors de la COP 21 de 2015.<\/p>\n<p>&nbsp;<\/p>\n<p>C\u2019est aussi adopter les comportements ad\u00e9quats pour pr\u00e9server les ressources (devenues de plus en plus rares) et les milieux naturels (devenus de plus en plus fragiles).<\/p>\n<p>&nbsp;<\/p>\n<p>D\u00e9ployer des actions d\u2019\u00e9co-production, c\u2019est modifier des habitudes de travail s\u00e9culaires. Cela n\u00e9cessite donc une attention particuli\u00e8re au facteur humain et la mise en place d\u2019un v\u00e9ritable management de la conduite du changement.<\/p>\n<p>&nbsp;<\/p>\n<p>Par extension, l\u2019\u00e9co-production est souvent associ\u00e9e aux questions plus globales de RSE (Responsabilit\u00e9 Soci\u00e9tale des Entreprises), la RSE d\u00e9signant la contribution des entreprises aux enjeux du d\u00e9veloppement durable (voir les<a href=\"https:\/\/www.economie.gouv.fr\/entreprises\/gerer-sa-comptabilite-et-ses-demarches\/quest-ce-que-la-responsabilite-societale-des\" target=\"_blank\" rel=\"noopener\"> informations du Minist\u00e8re de l\u2019Economie et des Finances sur la RSE<\/a>).<\/p>\n<p>&nbsp;<\/p>\n<h4>Un cadre r\u00e9glementaire incitatif<\/h4>\n<p>&nbsp;<\/p>\n<p>Un certain nombre d\u2019obligations n\u00e9cessitent de se pencher concr\u00e8tement sur la mise en place d\u2019actions d\u2019\u00e9co-production.<\/p>\n<p>&nbsp;<\/p>\n<p><strong>1. R\u00e9glementation sectorielle via le CNC : le bilan carbone obligatoire<\/strong><\/p>\n<p>&nbsp;<\/p>\n<p>Tout projet qui demande une aide du CNC doit fournir un bilan carbone provisoire, au tout d\u00e9but de la production, puis un bilan d\u00e9finitif \u00e0 l\u2019ach\u00e8vement de celle-ci.<\/p>\n<p>Ce bilan carbone indique le nombre de tonnes carbone \u00e9mis par le projet (mesur\u00e9 en tCO2e) ainsi que la r\u00e9partition des \u00e9missions selon les grands postes d\u2019\u00e9mission.<\/p>\n<p>Cette obligation ne doit pas r\u00e9duire l\u2019\u00e9co-production \u00e0 l\u2019\u00e9tablissement de tableaux et de reporting. La collecte de donn\u00e9es est certes importante pour pouvoir mesurer l\u2019empreinte carbone mais la finalit\u00e9 est surtout la mise en place d\u2019actions pour r\u00e9duire concr\u00e8tement son impact environnemental.<\/p>\n<p>&nbsp;<\/p>\n<p>Pour \u00e9tablir le bilan carbone, plusieurs calculateurs ont \u00e9t\u00e9 homologu\u00e9s par le CNC. Les calculateurs \u00e0 utiliser sont sp\u00e9cifiques au type de projet fabriqu\u00e9 (se reporter \u00e0 la <a href=\"https:\/\/www.cnc.fr\/professionnels\/actualites\/transition-ecologique-et-energetique\u2014le-cnc-met-en-place-une--ecoconditionnalite--de-ses-aides_1805866\" target=\"_blank\" rel=\"noopener\">page Internet d\u00e9di\u00e9e du CNC<\/a> ).<\/p>\n<p>&nbsp;<\/p>\n<p><strong><em>Conseil :<\/em><\/strong> <em>lorsque l\u2019on commence \u00e0 \u00e9tablir des bilans carbone, il n\u2019est pas facile de juger si, avec les r\u00e9sultats obtenus, le projet est dans une norme correcte ou non.<\/em><\/p>\n<p>&nbsp;<\/p>\n<p>La collecte des donn\u00e9es, qui a d\u00e9but\u00e9 depuis janvier 2024, permet d\u2019avoir d\u00e9sormais une id\u00e9e de l\u2019impact carbone moyen par type de projet et de voir comment se r\u00e9partit cet impact entre les diff\u00e9rents postes d\u2019\u00e9mission.<\/p>\n<p>Pour plus d\u2019informations \u00e0 ce sujet, voir le rapport \u00ab <a href=\"https:\/\/ecoprod.com\/ressources-ecoprod\/?format=etudes 2. R\u00e9glementation nationale\" target=\"_blank\" rel=\"noopener\">Carbon\u2019Clap et Label Ecoprod 2024<\/a> \u00bb.<\/p>\n<p>&nbsp;<\/p>\n<p><strong>2. R\u00e9glementation nationale<\/strong><\/p>\n<p>&nbsp;<\/p>\n<p>\u2022 Depuis le 1er janvier 2024, obligation l\u00e9gale de trier \u00e0 la source les biod\u00e9chets<\/p>\n<p>Voir la <a href=\"https:\/\/www.ecologie.gouv.fr\/biodechets\" target=\"_blank\" rel=\"noopener\">page du Minist\u00e8re de la Transition Ecologique<\/a>.<\/p>\n<p>&nbsp;<\/p>\n<p>N\u00e9cessite la mise en place imp\u00e9rative du tri des d\u00e9chets sur les plateaux.<\/p>\n<p>Par extension, il faut r\u00e9fl\u00e9chir comment r\u00e9duire le plus en amont possible la production de d\u00e9chets<\/p>\n<p>(d\u00e9marche ERRR \u00ab Eviter \/ R\u00e9duire \/ R\u00e9parer \/ Recycler \u00bb).<\/p>\n<p>&nbsp;<\/p>\n<p>\u2022 La mise en place de ZFE (<a href=\"https:\/\/entreprendre.service-public.gouv.fr\/vosdroits\/F38025\" target=\"_blank\" rel=\"noopener\">Zones \u00e0 Faibles Emissions<\/a>) :<\/p>\n<p>&nbsp;<\/p>\n<p>N\u00e9cessite de r\u00e9fl\u00e9chir aux enjeux de mobilit\u00e9, en tentant de r\u00e9duire le plus possible les d\u00e9placements et lorsqu\u2019ils sont n\u00e9cessaires, en privil\u00e9giant le plus possible des moyens de locomotion doux (marche, v\u00e9lo, transports en commun).<\/p>\n<p>&nbsp;<\/p>\n<p>Si des v\u00e9hicules sont n\u00e9cessaires, favoriser des motorisations moins \u00e9mettrices en carbone (\u00e9lectrique, hybride).<\/p>\n<p>&nbsp;<\/p>\n<p>\u2022 Restrictions de plus en plus courantes sur l\u2019utilisation des groupes \u00e9lectrog\u00e8nes en ville : utiliser le plus possible des branchements forains, des groupes \u00e9lectriques et \/ ou de petites unit\u00e9s mobiles \u00e9lectriques ainsi que des \u00e9quipements aliment\u00e9s directement sur batteries.<\/p>\n<p>&nbsp;<\/p>\n<p>\u2022 Renforcement des lois pour la protection de l\u2019environnement et des p\u00e9nalit\u00e9s en cas de d\u00e9gradations (voir <a href=\"https:\/\/www.legifrance.gouv.fr\/jorf\/id\/JORFTEXT000043956924\" target=\"_blank\" rel=\"noopener\">titre VII de la 7 LOI n\u00b0 2021-1104 du 22 ao\u00fbt 2021<\/a> portant sur la lutte contre le d\u00e9r\u00e8glement climatique et renforcement de la r\u00e9silience face \u00e0 ses effets ).<\/p>\n<p>&nbsp;<\/p>\n<p><strong>N\u00e9cessite une attention particuli\u00e8re pour les tournages situ\u00e9s en milieux naturels.<\/strong><\/p>\n<p>&nbsp;<\/p>\n<p>Un process tr\u00e8s d\u00e9taill\u00e9 a \u00e9t\u00e9 \u00e9labor\u00e9 par EcoProd (voir la fiche \u00ab <a href=\"https:\/\/ecoprod.com\/ressources-ecoprod\/?format=guides-et-fiches-pratiques\" target=\"_blank\" rel=\"noopener\">Tournage en milieux naturels<\/a> \u00bb).<\/p>\n<p>&nbsp;<\/p>\n<p><strong>3. R\u00e9glementation internationale<\/strong><\/p>\n<p>&nbsp;<\/p>\n<p>Dans le cadre de co-productions internationales et de productions ex\u00e9cutives, un reporting et des actions en \u00e9co-production peuvent s\u2019imposer.<\/p>\n<p>C\u2019est notamment le cas avec les plateformes am\u00e9ricaines (calculateur PEAR et r\u00e9f\u00e9rentiel PEACH + du Green Production Guide) et pour les projets anglo-saxons (calculateur Albert au Royaume-Uni).<\/p>\n<p>Les coproductions entre pays europ\u00e9ens sont elles aussi de plus en plus concern\u00e9es. Les aides financi\u00e8res nationales sont r\u00e9guli\u00e8rement adoss\u00e9es au respect d\u2019obligations r\u00e9glementaires li\u00e9es \u00e0 l\u2019\u00e9co-production (se renseigner aupr\u00e8s de ses coproducteurs).<\/p>\n<p>&nbsp;<\/p>\n<h4>M\u00e9thodologie de travail<\/h4>\n<p>&nbsp;<\/p>\n<p><strong>1. Quelques principes fondamentaux<\/strong><\/p>\n<p>&nbsp;<\/p>\n<p>Plus l\u2019\u00e9co-production est r\u00e9fl\u00e9chie en amont, plus les d\u00e9marches vertueuses pourront se d\u00e9ployer sur l\u2019ensemble des \u00e9tapes d\u2019un projet :<\/p>\n<ul>\n<li>\u00a0penser l\u2019\u00e9co-production depuis le sc\u00e9nario (lecture environnementale, inclusion de sujets \u00e9cologiques\u2026) jusqu\u2019\u00e0 la promotion de l\u2019\u0153uvre (d\u00e9placements en mobilit\u00e9 douce) et de sa diffusion (choix de formats num\u00e9riques adapt\u00e9s).<\/li>\n<li>d\u00e9marrer la r\u00e9flexion sur l\u2019\u00e9co-production le plus t\u00f4t possible dans la phase de<span class=\"Apple-converted-space\">\u00a0 <\/span>pr\u00e9paration :<\/li>\n<\/ul>\n<p>Un temps de pr\u00e9paration suffisant permet de mieux r\u00e9ussir la mise en place d\u2019actions concr\u00e8tes et impactantes.<span class=\"Apple-converted-space\">\u00a0<\/span><\/p>\n<ul>\n<li>recueillir l\u2019adh\u00e9sion de la plus grande partie possible de l\u2019\u00e9quipe, avec l\u2019engagement de trois parties prenantes essentielles \u00e0 une pleine r\u00e9ussite :<\/li>\n<\/ul>\n<ol>\n<li>la production<\/li>\n<li>le \/ la r\u00e9alisateur.trice<\/li>\n<li>les talents<\/li>\n<\/ol>\n<p>Ces acteurs ont valeur d\u2019exemplarit\u00e9 et, sans leur soutien il peut s\u2019av\u00e9rer compliqu\u00e9 de mener \u00e0 bien des mesures d\u2019\u00e9co-production autres que purement comptables\u2026<span class=\"Apple-converted-space\">\u00a0<\/span><\/p>\n<p>&nbsp;<\/p>\n<p><em><strong>Conseil :<\/strong><\/em> <em>Consultez le guide de l\u2019\u00e9co r\u00e9alisation (<\/em><a href=\"https:\/\/ecoprod.com\/wp-content\/uploads\/2025\/09\/20250918-ECOPROD-MISE-EN-PAGE-GUIDES-GUIDE-PRATIQUE-DE-L-ECO-REALISATION_web.pdf\" target=\"_blank\" rel=\"noopener\">conception Ecoprod \/ La SRF<\/a><em>) pour appr\u00e9hender concr\u00e8tement la d\u00e9marche du point de vue de la r\u00e9alisation.<\/em><\/p>\n<p>&nbsp;<\/p>\n<ul>\n<li>\u00a0initier une d\u00e9marche d\u2019\u00e9co-production qui soit non pas sous une forme hi\u00e9rarchique mais transverse, coll\u00e9giale et participative<\/li>\n<li>favoriser l\u2019implication de chacun.e dans une pr\u00e9occupation de bien-\u00eatre g\u00e9n\u00e9ral au travail.<\/li>\n<\/ul>\n<p>&nbsp;<\/p>\n<p><strong>2. Les 5 \u00e9tapes de la m\u00e9thodologie d\u2019\u00e9co-production<\/strong><span class=\"Apple-converted-space\">\u00a0<\/span><\/p>\n<p>&nbsp;<\/p>\n<p><strong>a.<\/strong> Analyse de l\u2019impact d\u2019un projet : \u00e0 chaque \u00e9tape de fabrication, comprendre son empreinte carbone et son impact sur les ressources et la biodiversit\u00e9.<\/p>\n<p>&nbsp;<\/p>\n<p><strong>b.<\/strong> D\u00e9finition d\u2019une strat\u00e9gie d\u2019\u00e9co-production : d\u00e9gager 2 ou 3<span class=\"Apple-converted-space\">\u00a0 <\/span>objectifs prioritaires en fonction de l\u2019analyse d\u2019impact effectu\u00e9e.<span class=\"Apple-converted-space\">\u00a0<\/span><\/p>\n<p>&nbsp;<\/p>\n<p><strong>c.<\/strong> Construction du plan d\u2019action : d\u00e9finir, avec les chefs de poste, les mesures \u00e0 mettre en place et les moyens d\u2019action (feuille de route).<\/p>\n<p>&nbsp;<\/p>\n<p><strong>d.<\/strong> Mise en place du plan d\u2019action : piloter la d\u00e9marche et l\u2019implication des \u00e9quipes et adapter, si besoin, les actions \u00e0 la r\u00e9alit\u00e9 du d\u00e9roulement du tournage et de la post production.<\/p>\n<p>&nbsp;<\/p>\n<p><strong>e.<\/strong> Bilan et valorisation de la d\u00e9marche : \u00e9valuer les actions mises en \u0153uvre (bilans quantitatifs et qualitatifs) et communiquer sur les r\u00e9sultats aux \u00e9quipes, partenaires financiers, collectivit\u00e9s et \u00e0 toutes les parties prenantes du film.<\/p>\n<p>&nbsp;<\/p>\n<p><em><strong>Conseil :<\/strong> il est grandement recommand\u00e9 d\u2019utiliser le r\u00e9f\u00e9rentiel du <\/em><a href=\"https:\/\/ecoprod.com\/label-ecoprod\/\" target=\"_blank\" rel=\"noopener\">Label EcoProd<\/a><em> pour \u00e9laborer sa feuille de route, m\u00eame si vous ne visez pas l\u2019obtention du label.<\/em><\/p>\n<p><em>La liste des crit\u00e8res du Label permet de tracer un sch\u00e9ma directeur de travail autour des sujets d\u2019\u00e9co-production.<\/em><\/p>\n<p>&nbsp;<\/p>\n<h4>Accompagner l\u2019\u00e9co-production<\/h4>\n<p>&nbsp;<\/p>\n<p><strong>1. Un nouveau m\u00e9tier<\/strong><\/p>\n<p>&nbsp;<\/p>\n<p>Depuis quelques ann\u00e9es est apparu un nouveau m\u00e9tier dont la d\u00e9nomination officielle est \u00e0 pr\u00e9sent \u00ab coordinateur.trice d\u2019\u00e9co-production \u00bb. Cette personne est d\u00e9sign\u00e9e pour une mission pr\u00e9cise : d\u00e9finir une strat\u00e9gie d\u2019\u00e9co-production et accompagner la mise en place de l\u2019ensemble des actions qui en d\u00e9coule.<span class=\"Apple-converted-space\">\u00a0<\/span><\/p>\n<p>&nbsp;<\/p>\n<p><strong>Nota bene :<\/strong> le terme \u00ab \u00e9co-r\u00e9ferent.e \u00bb est dor\u00e9navant appliqu\u00e9 \u00e0 un membre de l\u2019\u00e9quipe qui, en plus de son poste, accepte de prendre en charge certaines missions de l\u2019\u00e9co-production (collecte de donn\u00e9es, sensibilisation, observation de la bonne mise en place et de l\u2019efficacit\u00e9 des actions\u2026).<\/p>\n<p>Pour plus de clart\u00e9 dans les fonctions, les appelations d\u2019\u00e9co-manager ou de charg\u00e9.e d\u2019\u00e9co-production sont appel\u00e9es \u00e0 dispara\u00eetre.<\/p>\n<p>&nbsp;<\/p>\n<p><em><strong>Conseil :<\/strong> si vous souhaitez recruter un.e coordinateur.trice d\u2019\u00e9co-production et en attendant que ce poste soit int\u00e9gr\u00e9 \u00e0 la convention collective du cin\u00e9ma (n\u00e9gociations en cours), il est recommand\u00e9 de l\u2019int\u00e9grer \u00e0 l\u2019\u00e9quipe production comme assistant.e de production au lieu de l\u2019associer \u00e0 l\u2019\u00e9quipe r\u00e9gie.<\/em><\/p>\n<p><em>Plut\u00f4t que d\u2019\u00eatre assimil\u00e9 \u00e0 un.e r\u00e9gisseur.euse qui aurait en plus pour t\u00e2che de g\u00e9rer l\u2019\u00e9co-production, il sera int\u00e9gr\u00e9 \u00e0 la RSE de production et sa priorit\u00e9 ne sera plus la r\u00e9gie mais la prise en charge globale de l\u2019accompagnement des actions d\u2019\u00e9co-production. Ce qui n\u2019emp\u00eache pas, si la disponibilit\u00e9 le lui permet, que le \/ la coordinateur.trice d\u2019\u00e9co-production puisse ponctuellement renforcer l\u2019\u00e9quipe r\u00e9gie.<\/em><\/p>\n<p>&nbsp;<\/p>\n<p><strong>2. Le choix de l\u2019accompagnement en \u00e9co-production<\/strong><\/p>\n<p>&nbsp;<\/p>\n<p>Pour la mise en \u0153uvre d\u2019actions en \u00e9co-production, plusieurs possibilit\u00e9s se pr\u00e9sentent :<\/p>\n<p>&nbsp;<\/p>\n<p><strong>a.<\/strong> Piloter seul, en interne, la d\u00e9marche en s\u2019appuyant sur les \u00e9quipes existantes, sans recrutement suppl\u00e9mentaire.<\/p>\n<p>Limite : il est souvent difficile de pousser tr\u00e8s loin les actions en \u00e9co-production par manque de temps disponible.<\/p>\n<p>&nbsp;<\/p>\n<p><strong>b.<\/strong> Recruter un.e coordinateur.trice d\u2019\u00e9co-production pour prendre en charge la mise en place de l\u2019\u00e9co-production. En fonction des moyens, des sp\u00e9cificit\u00e9s du projet (tournage en milieu naturel, figuration importante, nombre de d\u00e9cors\u2026) et de l\u2019ampleur des actions souhait\u00e9es, cette personne peut \u00eatre embauch\u00e9e en temps complet ou en temps partiel.<\/p>\n<p>&nbsp;<\/p>\n<p>Le temps partiel est souvent ad\u00e9quat sur le temps de la pr\u00e9paration.<\/p>\n<p>&nbsp;<\/p>\n<p>Le temps complet peut se concevoir sur le tournage si la personne a une charge de travail importante et \/ ou si elle peut venir ponctuellement en renfort des \u00e9quipes plateau.<\/p>\n<p>&nbsp;<\/p>\n<p>Ce choix de recrutement permet de piloter de mani\u00e8re autonome et individualis\u00e9e les mesures que l\u2019on veut mettre en application.<\/p>\n<p>&nbsp;<\/p>\n<p><strong>c.<\/strong> D\u00e9l\u00e9guer l\u2019\u00e9co-production \u00e0 un prestataire ext\u00e9rieur<\/p>\n<p>&nbsp;<\/p>\n<p>Deux acteurs majeurs sont aujourd\u2019hui pr\u00e9sents sur le march\u00e9 :<\/p>\n<p>&nbsp;<\/p>\n<p><a href=\"https:\/\/www.flyingsecoya.com\/\" target=\"_blank\" rel=\"noopener\">Flying SECOYA<\/a><\/p>\n<p>&nbsp;<\/p>\n<p><a href=\"https:\/\/www.abetterprod.com\/\" target=\"_blank\" rel=\"noopener\">A BETTER PROD<\/a><\/p>\n<p>&nbsp;<\/p>\n<p>L\u2019\u00e9tendue de la prestation et des responsabilit\u00e9s confi\u00e9es sont \u00e0 d\u00e9finir au cas par cas avec le prestataire choisi.<\/p>\n<p>&nbsp;<\/p>\n<p><strong>Attention :<\/strong> EcoProd n\u2019est pas un prestataire, c\u2019est une association. Elle fournit un ensemble de conseils et de ressources mais ne se substitue pas \u00e0 la production pour la mise en place de ses actions en \u00e9co-production.<\/p>\n<p>&nbsp;<\/p>\n<p><em><strong>Conseils :<\/strong> si cela est possible, il nous semble important qu\u2019une personne soit sp\u00e9cifiquement d\u00e9di\u00e9e \u00e0 la gestion de l\u2019\u00e9co-production.<\/em><\/p>\n<p><em>Sans coordinateur.trice d\u2019\u00e9co-production, il y a un risque de ne pas pouvoir concevoir d\u2019actions v\u00e9ritablement impactantes et de ne se concentrer que sur la collecte de donn\u00e9es, certes assez chronophage mais qui ne repr\u00e9sente, finalement, qu\u2019un aspect purement quantitatif de l\u2019\u00e9co production d\u2019un film (mesure de l\u2019impact carbone).<\/em><\/p>\n<p><em>Par ailleurs, il nous semble plus opportun d\u2019opter pour un recrutement en interne pour g\u00e9rer l\u2019\u00e9co-production plut\u00f4t que d\u2019en d\u00e9l\u00e9guer la responsabilit\u00e9 \u00e0 un prestataire.<\/em><\/p>\n<p>&nbsp;<\/p>\n<p><strong>3. Les outils compl\u00e9mentaires d\u2019accompagnement \u00e0 l\u2019\u00e9co-production<\/strong><\/p>\n<p>&nbsp;<\/p>\n<p><strong>a. Les formations<\/strong><\/p>\n<p>&nbsp;<\/p>\n<p>Pour bien appr\u00e9hender et prendre en main les sujets d\u2019\u00e9co-production, il est recommand\u00e9 de se former individuellement et d\u2019inciter \u00e0 la formation des \u00e9quipes.<span class=\"Apple-converted-space\">\u00a0<\/span><\/p>\n<p>Vous pouvez retrouver <a href=\"https:\/\/ecoprod.com\/nos-formations\/\" target=\"_blank\" rel=\"noopener\">plusieurs propositions de formation<\/a> sur le site d\u2019EcoProd.<\/p>\n<p>&nbsp;<\/p>\n<p><strong>Nota bene<\/strong> : le pourcentage de membres de l\u2019\u00e9quipe form\u00e9s fait partie des crit\u00e8res d\u2019obtention de la prime RSE + du CNC.<\/p>\n<p>&nbsp;<\/p>\n<p><strong>b. Les logiciels d\u00e9di\u00e9s<\/strong><\/p>\n<p>&nbsp;<\/p>\n<p>De nombreux outils informatiques se d\u00e9veloppent pour aider \u00e0 la collecte des donn\u00e9es.<\/p>\n<p>Le logiciel le plus complet aujourd\u2019hui est s\u00fbrement celui de THE GREEN SHOT. Il int\u00e8gre les param\u00e8tres de plusieurs calculateurs de diff\u00e9rents organismes et pays, ce qui permet de compiler ais\u00e9ment les donn\u00e9es attendues par chaque calculateur.<\/p>\n<p>Voir le site internet de <a href=\"https:\/\/www.thegreenshot.io\/fr\/\" target=\"_blank\" rel=\"noopener\">THE GREEN SHOT<\/a>.<\/p>\n<p>&nbsp;<\/p>\n<p><strong>c. Les bases de donn\u00e9es<\/strong><\/p>\n<p>&nbsp;<\/p>\n<p>Elles peuvent s\u2019av\u00e9rer utiles pour contacter des \u00e9co-r\u00e9f\u00e9rents.tes et \/ ou des fournisseurs \u00e9co-responsables :<\/p>\n<p>&nbsp;<\/p>\n<p>ACCEPTE (Association des Coordinateurs et Coordinatrices en Eco Production pour la Transition Ecologique (site Internet en construction)).<\/p>\n<p>&nbsp;<\/p>\n<p><a href=\"https:\/\/ecoprod.com\/annuaire-professionnels-eco-production\/\" target=\"_blank\" rel=\"noopener\">Annuaire EcoProd<\/a> d\u2019Eco-r\u00e9f\u00e9rents.<\/p>\n<p>&nbsp;<\/p>\n<p><a href=\"https:\/\/ecoprod.com\/annuaire-des-prestataires\/\" target=\"_blank\" rel=\"noopener\">Annuaire de prestataires<\/a>.<\/p>\n<p>&nbsp;<\/p>\n<p>En local, il peut aussi \u00eatre utile de faire appel aux bureaux d\u2019accueil des tournages r\u00e9gionaux.<\/p>\n<p>&nbsp;<\/p>\n<p><strong>d. Les sites internet et collectifs supports<\/strong><\/p>\n<p>&nbsp;<\/p>\n<p>Ils peuvent fournir diff\u00e9rents conseils, guides, astuces et fiches pratiques pour conduire des actions en \u00e9co-production:<\/p>\n<p>&nbsp;<\/p>\n<p>\u2022 <a href=\"https:\/\/ecoprod.com\/ressources-ecoprod\/?format=guides-et-fiches-pratiques\" target=\"_blank\" rel=\"noopener\">EcoProd<\/a><\/p>\n<p>Site tr\u00e8s complet qui propose de nombreuses fiches pratiques par d\u00e9partement.<\/p>\n<p>&nbsp;<\/p>\n<p>\u2022 Le <a href=\"https:\/\/www.cut-collectif.fr\/\" target=\"_blank\" rel=\"noopener\">collectif CUT<\/a><\/p>\n<p>&nbsp;<\/p>\n<p>\u2022 Le <a href=\"https:\/\/lestoilesvertes.org\/\" target=\"_blank\" rel=\"noopener\">collectif LES TOILES VERTES<\/a><\/p>\n<p>&nbsp;<\/p>\n<h4>Les enjeux financiers de l\u2019\u00e9co-production<\/h4>\n<p>&nbsp;<\/p>\n<p><strong>1. Le co\u00fbt de l\u2019\u00e9co-production<\/strong><\/p>\n<p>&nbsp;<\/p>\n<p>Le sujet est forc\u00e9ment sensible puisqu\u2019embaucher une personne ou engager un prestataire pour g\u00e9rer l\u2019\u00e9co-production est une ligne budg\u00e9taire suppl\u00e9mentaire.<\/p>\n<p>En moyenne, il a \u00e9t\u00e9 \u00e9tabli que le co\u00fbt de l\u2019\u00e9co-production se situait entre 0 et 1% d\u2019un budget. Oeuvrer vraiment en \u00e9co-production, c\u2019est favoriser plus de sobri\u00e9t\u00e9 dans les achats et les d\u00e9penses. Par ailleurs, si la d\u00e9marche est bien anticip\u00e9e, nous sommes persuad\u00e9s que le co\u00fbt humain suppl\u00e9mentaire n\u00e9cessaire \u00e0 l\u2019\u00e9co-production est compens\u00e9 par les \u00e9conomies faites sur d\u2019autres lignes budg\u00e9taires. A minima, le projet aurait un co\u00fbt \u00e9gal (en comparaison d\u2019un budget o\u00f9 aucune action d\u2019\u00e9co-production n\u2019aurait \u00e9tait engag\u00e9e), au mieux son co\u00fbt global pourra \u00eatre diminu\u00e9, avec en sus un b\u00e9n\u00e9fice soci\u00e9tal et environnement mesurable.<\/p>\n<p>Par ailleurs, il faut d\u00e9sormais aussi prendre en compte les incitations financi\u00e8res qui peuvent compenser le \u00ab surinvestissement \u00bb parfois engendr\u00e9 par l\u2019\u00e9co-production.<\/p>\n<p>&nbsp;<\/p>\n<p><strong>2. Les incitations financi\u00e8res \u00e0 l\u2019\u00e9co-production<\/strong><\/p>\n<p>&nbsp;<\/p>\n<p>Depuis quelques ann\u00e9es, il existe des bonus accord\u00e9s pour des projets ayant pu respecter un certain nombre de crit\u00e8res en \u00e9co-production. C\u2019est le cas des r\u00e9gions Ile de France et Corse.<\/p>\n<p>Ces dispositifs tendent \u00e0 s\u2019\u00e9tendre et, en France, deux nouvelles incitations sont entr\u00e9es en vigueur en 2025 :<\/p>\n<p><span class=\"Apple-converted-space\">\u00a0<\/span><\/p>\n<p><strong>a.<\/strong> La prime RSE + du CNC<\/p>\n<p>&nbsp;<\/p>\n<p>Cette prime est d\u2019un montant fixe de 28.000 \u20ac par projet. Elle est pour l\u2019instant limit\u00e9e \u00e0 la fiction longue en cin\u00e9ma et en audiovisuel (s\u00e9ries incluses).<\/p>\n<p>Elle est accord\u00e9e \u00e0 l\u2019ach\u00e8vement du projet si celui-ci a respect\u00e9 les niveaux 1 et 2 des crit\u00e8res du r\u00e9f\u00e9rentiel AFNOR Spec.<\/p>\n<p>Pour le d\u00e9tail des modalit\u00e9s de la prime RSE +, se r\u00e9f\u00e9rer \u00e0 la page Internet du CNC .<\/p>\n<p><a href=\"https:\/\/www.cnc.fr\/professionnels\/actualites\/afnor-spec-2308--un-mode-demploi-national-pour-une-production-responsable_2193779\" target=\"_blank\" rel=\"noopener\">Prime RSE<\/a><\/p>\n<p>Sur cette page se trouve \u00e9galement le d\u00e9tail des obligations li\u00e9es \u00e0 la certification AFNOR.<\/p>\n<p>&nbsp;<\/p>\n<p><strong>b.<\/strong> La prime Cofiloisirs<\/p>\n<p>&nbsp;<\/p>\n<p>Jusqu\u2019en 2030, Cofiloisirs va accorder une prime de 20.000 \u20ac \u00e0 5 projets par an.<\/p>\n<p>Le choix des projets laur\u00e9ats se fera en fonction des scores les plus hauts obtenus au label EcoProd.<\/p>\n<p>Pour le d\u00e9tail des modalit\u00e9s de cette prime, se r\u00e9f\u00e9rer \u00e0 la page Internet de <a href=\"https:\/\/cofiloisirs.fr\/fr\/dispositif-cofiloisirs---ecoprod\" target=\"_blank\" rel=\"noopener\">Cofiloisirs.<\/a><\/p>\n<p>&nbsp;<\/p>\n<p>&nbsp;<\/p>\n<p><em>( Dossier mis \u00e0 jour en Janvier 2026)<\/em><\/p>\n\n\t\t<\/div>\n\t<\/div>\n<\/div><\/div><\/div><\/div><div class=\"vc_row-full-width vc_clearfix\"><\/div>\n<\/div>","protected":false},"excerpt":{"rendered":"Eco-production Qu\u2019est-ce que l\u2019\u00e9co-production ? &nbsp; Il s\u2019agit d\u2019engager des actions visant \u00e0 r\u00e9duire l\u2019impact environnemental de la fabrication d\u2019une \u0153uvre cin\u00e9ma ou audiovisuelle. &nbsp; L\u2019objectif est de participer \u00e0 l\u2019effort national de r\u00e9duction de l\u2019empreinte carbone sur lequel la [...]","protected":false},"author":1,"featured_media":0,"parent":0,"menu_order":0,"comment_status":"closed","ping_status":"closed","template":"","meta":{"_seopress_robots_primary_cat":"","_seopress_titles_title":"","_seopress_titles_desc":"","_seopress_robots_index":"","_seopress_analysis_target_kw":"","_bbp_topic_count":0,"_bbp_reply_count":0,"_bbp_total_topic_count":0,"_bbp_total_reply_count":0,"_bbp_voice_count":0,"_bbp_anonymous_reply_count":0,"_bbp_topic_count_hidden":0,"_bbp_reply_count_hidden":0,"_bbp_forum_subforum_count":0,"footnotes":""},"class_list":["post-3385","page","type-page","status-publish","hentry"],"_links":{"self":[{"href":"https:\/\/directeurdeproduction.com\/fr\/wp-json\/wp\/v2\/pages\/3385","targetHints":{"allow":["GET"]}}],"collection":[{"href":"https:\/\/directeurdeproduction.com\/fr\/wp-json\/wp\/v2\/pages"}],"about":[{"href":"https:\/\/directeurdeproduction.com\/fr\/wp-json\/wp\/v2\/types\/page"}],"author":[{"embeddable":true,"href":"https:\/\/directeurdeproduction.com\/fr\/wp-json\/wp\/v2\/users\/1"}],"replies":[{"embeddable":true,"href":"https:\/\/directeurdeproduction.com\/fr\/wp-json\/wp\/v2\/comments?post=3385"}],"version-history":[{"count":45,"href":"https:\/\/directeurdeproduction.com\/fr\/wp-json\/wp\/v2\/pages\/3385\/revisions"}],"predecessor-version":[{"id":3486,"href":"https:\/\/directeurdeproduction.com\/fr\/wp-json\/wp\/v2\/pages\/3385\/revisions\/3486"}],"wp:attachment":[{"href":"https:\/\/directeurdeproduction.com\/fr\/wp-json\/wp\/v2\/media?parent=3385"}],"curies":[{"name":"wp","href":"https:\/\/api.w.org\/{rel}","templated":true}]}}