{"id":3100,"date":"2026-01-07T15:56:04","date_gmt":"2026-01-07T14:56:04","guid":{"rendered":"https:\/\/directeurdeproduction.com\/?page_id=3100"},"modified":"2026-01-14T13:21:57","modified_gmt":"2026-01-14T12:21:57","slug":"adherer","status":"publish","type":"page","link":"https:\/\/directeurdeproduction.com\/fr\/adherer\/","title":{"rendered":"Adh\u00e9sion &#038; Mentorat"},"content":{"rendered":"<div class=\"wpb-content-wrapper\"><div class=\"vc_row wpb_row vc_row-fluid\"><div class=\"wpb_column vc_column_container vc_col-sm-12\"><div class=\"vc_column-inner\"><div class=\"wpb_wrapper\"><div id=\"ultimate-heading-54526a01f41c67313\" class=\"uvc-heading ult-adjust-bottom-margin ultimate-heading-54526a01f41c67313 uvc-1940 \" data-hspacer=\"no_spacer\"  data-halign=\"left\" style=\"text-align:left\"><div class=\"uvc-heading-spacer no_spacer\" style=\"top\"><\/div><div class=\"uvc-main-heading ult-responsive\"  data-ultimate-target='.uvc-heading.ultimate-heading-54526a01f41c67313 h2'  data-responsive-json-new='{\"font-size\":\"\",\"line-height\":\"\"}' ><h2 style=\"font-weight:normal;\">Adh\u00e9sion &amp; Mentorat<\/h2><\/div><\/div><\/div><\/div><\/div><\/div><div data-vc-full-width=\"true\" data-vc-full-width-temp=\"true\" data-vc-full-width-init=\"false\" data-vc-stretch-content=\"true\" class=\"vc_row wpb_row vc_row-fluid\"><div class=\"wpb_column vc_column_container vc_col-sm-1 vc_hidden-xs\"><div class=\"vc_column-inner\"><div class=\"wpb_wrapper\"><\/div><\/div><\/div><div class=\"Col-Asso wpb_column vc_column_container vc_col-sm-9\"><div class=\"vc_column-inner vc_custom_1741961586240\"><div class=\"wpb_wrapper\">\n\t<div class=\"wpb_text_column wpb_content_element justif\" >\n\t\t<div class=\"wpb_wrapper\">\n\t\t\t<h3>Adh\u00e9sion<\/h3>\n<p>&nbsp;<\/p>\n<p>Pour adh\u00e9rer \u00e0 l\u2019association, il faut accepter les statuts et le r\u00e8glement int\u00e9rieur, pouvoir justifier d\u2019avoir effectu\u00e9 la direction de production d\u2019au moins trois \u0153uvres de long-m\u00e9trage<span class=\"Apple-converted-space\">\u00a0 <\/span>cin\u00e9matographiques ou audiovisuelles en exploitation (sortie salles ou diffusion TV), et \u00eatre parrain\u00e9 par trois membres de l\u2019ADP.<\/p>\n<p>L\u2019adh\u00e9sion vous permettra de b\u00e9n\u00e9ficier d\u2019espaces d\u2019\u00e9changes r\u00e9guliers (lors de rencontres r\u00e9guli\u00e8res, de conf\u00e9rences th\u00e9matiques, par le biais des forums \u2026) favorisant la circulation d\u2019informations, le partage de comp\u00e9tences entre membres ; ainsi que de la d\u00e9fense des int\u00e9r\u00eats individuels et collectifs de la profession par la fonction de repr\u00e9sentativit\u00e9 de l\u2019association aupr\u00e8s des institutions et organisations du secteur. <a href=\"https:\/\/directeurdeproduction.com\/wp-content\/uploads\/2024\/12\/Procedure-Adhesion-ADP-2024.pdf\">Proc\u00e9dure d\u2019adh\u00e9sion d\u00e9taill\u00e9e.<\/a><\/p>\n<p>&nbsp;<\/p>\n<h3><\/h3>\n<p>&nbsp;<\/p>\n<h3>Mentorat<span class=\"Apple-converted-space\">\u00a0<\/span><\/h3>\n<p>&nbsp;<\/p>\n<p>Dans une volont\u00e9 d\u2019accompagner le transfert de comp\u00e9tences, d\u2019acc\u00e9l\u00e9rer le mouvement vers une parit\u00e9 et une diversit\u00e9 dans le secteur, le bureau actuel a d\u00e9cid\u00e9 de mettre en place un mentorat \u00e0 destination de jeunes directeurs.rices de production ne r\u00e9unissant pas les conditions pour devenir membres.<\/p>\n<p>Cette demande de mentorat pourra se faire \u00e0 l\u2019occasion du passage \u00e0 une premi\u00e8re exp\u00e9rience de fabrication de long-m\u00e9trage ou d\u2019\u0153uvre audiovisuelle longue, sur pr\u00e9sentation d\u2019un CV et d\u2019un courrier de motivation.<span class=\"Apple-converted-space\">\u00a0<\/span><\/p>\n<p>&nbsp;<\/p>\n<p>Contacter les membres du bureau en charge pour toute demande concernant le Mentorat : <a href=\"mailto:mentorat@directeurdeproduction.com\">mentorat@directeurdeproduction.com<\/a><\/p>\n<p>&nbsp;<\/p>\n<p>&nbsp;<\/p>\n\n\t\t<\/div>\n\t<\/div>\n<\/div><\/div><\/div><\/div><div class=\"vc_row-full-width vc_clearfix\"><\/div>\n<\/div>","protected":false},"excerpt":{"rendered":"Adh\u00e9sion &amp; Mentorat Adh\u00e9sion &nbsp; Pour adh\u00e9rer \u00e0 l\u2019association, il faut accepter les statuts et le r\u00e8glement int\u00e9rieur, pouvoir justifier d\u2019avoir effectu\u00e9 la direction de production d\u2019au moins trois \u0153uvres de long-m\u00e9trage\u00a0 cin\u00e9matographiques ou audiovisuelles en exploitation (sortie salles ou [...]","protected":false},"author":1,"featured_media":0,"parent":0,"menu_order":0,"comment_status":"closed","ping_status":"closed","template":"","meta":{"_seopress_robots_primary_cat":"","_seopress_titles_title":"","_seopress_titles_desc":"","_seopress_robots_index":"","_seopress_analysis_target_kw":"","_bbp_topic_count":0,"_bbp_reply_count":0,"_bbp_total_topic_count":0,"_bbp_total_reply_count":0,"_bbp_voice_count":0,"_bbp_anonymous_reply_count":0,"_bbp_topic_count_hidden":0,"_bbp_reply_count_hidden":0,"_bbp_forum_subforum_count":0,"footnotes":""},"class_list":["post-3100","page","type-page","status-publish","hentry"],"_links":{"self":[{"href":"https:\/\/directeurdeproduction.com\/fr\/wp-json\/wp\/v2\/pages\/3100","targetHints":{"allow":["GET"]}}],"collection":[{"href":"https:\/\/directeurdeproduction.com\/fr\/wp-json\/wp\/v2\/pages"}],"about":[{"href":"https:\/\/directeurdeproduction.com\/fr\/wp-json\/wp\/v2\/types\/page"}],"author":[{"embeddable":true,"href":"https:\/\/directeurdeproduction.com\/fr\/wp-json\/wp\/v2\/users\/1"}],"replies":[{"embeddable":true,"href":"https:\/\/directeurdeproduction.com\/fr\/wp-json\/wp\/v2\/comments?post=3100"}],"version-history":[{"count":11,"href":"https:\/\/directeurdeproduction.com\/fr\/wp-json\/wp\/v2\/pages\/3100\/revisions"}],"predecessor-version":[{"id":3452,"href":"https:\/\/directeurdeproduction.com\/fr\/wp-json\/wp\/v2\/pages\/3100\/revisions\/3452"}],"wp:attachment":[{"href":"https:\/\/directeurdeproduction.com\/fr\/wp-json\/wp\/v2\/media?parent=3100"}],"curies":[{"name":"wp","href":"https:\/\/api.w.org\/{rel}","templated":true}]}}