{"id":3100,"date":"2026-01-07T15:56:04","date_gmt":"2026-01-07T14:56:04","guid":{"rendered":"https:\/\/directeurdeproduction.com\/?page_id=3100"},"modified":"2026-01-14T13:21:57","modified_gmt":"2026-01-14T12:21:57","slug":"adherer","status":"publish","type":"page","link":"https:\/\/directeurdeproduction.com\/en_gb\/adherer\/","title":{"rendered":"Membership &amp; Mentoring"},"content":{"rendered":"<div class=\"wpb-content-wrapper\"><div class=\"vc_row wpb_row vc_row-fluid\"><div class=\"wpb_column vc_column_container vc_col-sm-12\"><div class=\"vc_column-inner\"><div class=\"wpb_wrapper\"><div id=\"ultimate-heading-989869fe207741f98\" class=\"uvc-heading ult-adjust-bottom-margin ultimate-heading-989869fe207741f98 uvc-9537\" data-hspacer=\"no_spacer\"  data-halign=\"left\" style=\"text-align:left\"><div class=\"uvc-heading-spacer no_spacer\" style=\"top\"><\/div><div class=\"uvc-main-heading ult-responsive\"  data-ultimate-target='.uvc-heading.ultimate-heading-989869fe207741f98 h2'  data-responsive-json-new='{\"font-size\":\"\",\"line-height\":\"\"}' ><h2 style=\"font-weight:normal;\">Membership &amp; Mentoring<\/h2><\/div><\/div><\/div><\/div><\/div><\/div><div data-vc-full-width=\"true\" data-vc-full-width-temp=\"true\" data-vc-full-width-init=\"false\" data-vc-stretch-content=\"true\" class=\"vc_row wpb_row vc_row-fluid\"><div class=\"wpb_column vc_column_container vc_col-sm-1 vc_hidden-xs\"><div class=\"vc_column-inner\"><div class=\"wpb_wrapper\"><\/div><\/div><\/div><div class=\"Col-Asso wpb_column vc_column_container vc_col-sm-9\"><div class=\"vc_column-inner vc_custom_1741961586240\"><div class=\"wpb_wrapper\">\n\t<div class=\"wpb_text_column wpb_content_element justif\" >\n\t\t<div class=\"wpb_wrapper\">\n\t\t\t<h3>Membership<\/h3>\n<p>&nbsp;<\/p>\n<p class=\"translation-block\">To join the association, you must accept the statutes and internal regulations, be able to prove that you have been in charge of production for at least three feature-length films or audiovisual works currently in distribution (theatrical release or TV broadcast), and be sponsored by three ADP members.<\/p>\n<p>Membership will give you access to regular opportunities for discussion (at regular meetings, themed conferences, forums, etc.) that promote the circulation of information and the sharing of skills between members, as well as the defense of the individual and collective interests of the profession through the association's representative role with institutions and organizations in the sector. <a href=\"https:\/\/directeurdeproduction.com\/wp-content\/uploads\/2024\/12\/Procedure-Adhesion-ADP-2024.pdf\">Detailed membership procedure.<\/a><\/p>\n<p>&nbsp;<\/p>\n<h3><\/h3>\n<p>&nbsp;<\/p>\n<h3>Mentoring<span class=\"Apple-converted-space\">\u00a0<\/span><\/h3>\n<p>&nbsp;<\/p>\n<p>In an effort to support skills transfer and accelerate progress toward gender parity and diversity in the sector, the current board has decided to set up a mentoring program for young production managers who do not meet the requirements for membership.<\/p>\n<p>This mentoring request may be made when embarking on your first feature film or long audiovisual production, upon presentation of a resume and cover letter.<span class=\"Apple-converted-space\">\u00a0<\/span><\/p>\n<p>&nbsp;<\/p>\n<p>Contact the members of the office in charge for any questions regarding Mentoring: <a href=\"mailto:mentorat@directeurdeproduction.com\">mentorat@directeurdeproduction.com<\/a><\/p>\n<p>&nbsp;<\/p>\n<p>&nbsp;<\/p>\n\n\t\t<\/div>\n\t<\/div>\n<\/div><\/div><\/div><\/div><div class=\"vc_row-full-width vc_clearfix\"><\/div>\n<\/div>","protected":false},"excerpt":{"rendered":"Adh\u00e9sion &amp; Mentorat Adh\u00e9sion &nbsp; Pour adh\u00e9rer \u00e0 l\u2019association, il faut accepter les statuts et le r\u00e8glement int\u00e9rieur, pouvoir justifier d\u2019avoir effectu\u00e9 la direction de production d\u2019au moins trois \u0153uvres de long-m\u00e9trage\u00a0 cin\u00e9matographiques ou audiovisuelles en exploitation (sortie salles ou [...]","protected":false},"author":1,"featured_media":0,"parent":0,"menu_order":0,"comment_status":"closed","ping_status":"closed","template":"","meta":{"_seopress_robots_primary_cat":"","_seopress_titles_title":"","_seopress_titles_desc":"","_seopress_robots_index":"","_bbp_topic_count":0,"_bbp_reply_count":0,"_bbp_total_topic_count":0,"_bbp_total_reply_count":0,"_bbp_voice_count":0,"_bbp_anonymous_reply_count":0,"_bbp_topic_count_hidden":0,"_bbp_reply_count_hidden":0,"_bbp_forum_subforum_count":0,"footnotes":""},"class_list":["post-3100","page","type-page","status-publish","hentry"],"_links":{"self":[{"href":"https:\/\/directeurdeproduction.com\/en_gb\/wp-json\/wp\/v2\/pages\/3100","targetHints":{"allow":["GET"]}}],"collection":[{"href":"https:\/\/directeurdeproduction.com\/en_gb\/wp-json\/wp\/v2\/pages"}],"about":[{"href":"https:\/\/directeurdeproduction.com\/en_gb\/wp-json\/wp\/v2\/types\/page"}],"author":[{"embeddable":true,"href":"https:\/\/directeurdeproduction.com\/en_gb\/wp-json\/wp\/v2\/users\/1"}],"replies":[{"embeddable":true,"href":"https:\/\/directeurdeproduction.com\/en_gb\/wp-json\/wp\/v2\/comments?post=3100"}],"version-history":[{"count":11,"href":"https:\/\/directeurdeproduction.com\/en_gb\/wp-json\/wp\/v2\/pages\/3100\/revisions"}],"predecessor-version":[{"id":3452,"href":"https:\/\/directeurdeproduction.com\/en_gb\/wp-json\/wp\/v2\/pages\/3100\/revisions\/3452"}],"wp:attachment":[{"href":"https:\/\/directeurdeproduction.com\/en_gb\/wp-json\/wp\/v2\/media?parent=3100"}],"curies":[{"name":"wp","href":"https:\/\/api.w.org\/{rel}","templated":true}]}}