{"id":569,"date":"2021-01-05T09:59:13","date_gmt":"2021-01-05T08:59:13","guid":{"rendered":"https:\/\/wordpress.directeurdeproduction.com\/?page_id=569"},"modified":"2026-01-26T08:59:25","modified_gmt":"2026-01-26T07:59:25","slug":"notre-metier","status":"publish","type":"page","link":"https:\/\/directeurdeproduction.com\/en\/notre-metier\/","title":{"rendered":"Our job outline"},"content":{"rendered":"<div class=\"wpb-content-wrapper\"><div class=\"vc_row wpb_row vc_row-fluid\"><div class=\"wpb_column vc_column_container vc_col-sm-12\"><div class=\"vc_column-inner\"><div class=\"wpb_wrapper\"><div id=\"ultimate-heading-214069f536c9e3b39\" class=\"uvc-heading ult-adjust-bottom-margin ultimate-heading-214069f536c9e3b39 uvc-1550\" data-hspacer=\"no_spacer\"  data-halign=\"left\" style=\"text-align:left\"><div class=\"uvc-heading-spacer no_spacer\" style=\"top\"><\/div><div class=\"uvc-main-heading ult-responsive\"  data-ultimate-target='.uvc-heading.ultimate-heading-214069f536c9e3b39 h2'  data-responsive-json-new='{\"font-size\":\"\",\"line-height\":\"\"}' ><h2 style=\"font-weight:normal;\">Our job outline<\/h2><\/div><\/div><\/div><\/div><\/div><\/div><div data-vc-full-width=\"true\" data-vc-full-width-temp=\"true\" data-vc-full-width-init=\"false\" data-vc-stretch-content=\"true\" class=\"vc_row wpb_row vc_row-fluid vc_row-o-equal-height vc_row-o-content-bottom vc_row-flex\"><div class=\"wpb_column vc_column_container vc_col-sm-1 vc_hidden-xs\"><div class=\"vc_column-inner\"><div class=\"wpb_wrapper\"><\/div><\/div><\/div><div class=\"Col-Asso wpb_column vc_column_container vc_col-sm-9\"><div class=\"vc_column-inner vc_custom_1741951670837\"><div class=\"wpb_wrapper\">\n\t<div class=\"wpb_text_column wpb_content_element justif\" >\n\t\t<div class=\"wpb_wrapper\">\n\t\t\t<p class=\"p1\">We have been hired by a production company to make a film or audiovisual work.<\/p>\n<p>&nbsp;<\/p>\n<p class=\" translation-block\">We represent the producer from preparation to the end of filming and, if necessary, until the standard copy is made.<\/p>\n<p>&nbsp;<\/p>\n<p>We provide overall management and organization of work within the framework of applicable laws and regulations.<\/p>\n<p>We monitor filming on set on a daily basis and are responsible for its economic, social, and legal aspects.<\/p>\n<p>&nbsp;<\/p>\n<p>In the accomplishment of our mission, we guarantee the respect of hygiene and security rules.<\/p>\n<p>&nbsp;<\/p>\n<p>We are responsible for preparing the estimate and managing the expenses involved in producing the film.<\/p>\n<p class=\" translation-block\">We are the managers of the production entrusted to us and we must ensure the quality of the product defined by the producer and director, within a budget determined and approved by various stakeholders (producers, broadcasters, distributors, etc.).<\/p>\n<p>&nbsp;<\/p>\n<p>We oversee and validate the shooting schedule.<\/p>\n<p>&nbsp;<\/p>\n<p>We are responsible for recruiting and hiring the technical and artistic personnel required for the shooting and the post-production of the project.<\/p>\n<p>&nbsp;<\/p>\n<p>We negotiate the financial deals with suppliers and rental companies.<\/p>\n\n\t\t<\/div>\n\t<\/div>\n<\/div><\/div><\/div><\/div><div class=\"vc_row-full-width vc_clearfix\"><\/div>\n<\/div>","protected":false},"excerpt":{"rendered":"Notre m\u00e9tier Nous sommes engag\u00e9\u00b7es par une soci\u00e9t\u00e9 de production en vue de la r\u00e9alisation d\u2019une \u0153uvre cin\u00e9ma ou audiovisuelle. &nbsp; Nous repr\u00e9sentons la\/le productrice\u00b7teur, de la pr\u00e9paration \u00e0 la fin des prises de vues et, \u00e9ventuellement, jusqu\u2019\u00e0 l\u2019\u00e9tablissement de [...]","protected":false},"author":1,"featured_media":0,"parent":0,"menu_order":0,"comment_status":"closed","ping_status":"closed","template":"","meta":{"_seopress_robots_primary_cat":"","_seopress_titles_title":"","_seopress_titles_desc":"","_seopress_robots_index":"","_bbp_topic_count":0,"_bbp_reply_count":0,"_bbp_total_topic_count":0,"_bbp_total_reply_count":0,"_bbp_voice_count":0,"_bbp_anonymous_reply_count":0,"_bbp_topic_count_hidden":0,"_bbp_reply_count_hidden":0,"_bbp_forum_subforum_count":0,"footnotes":""},"class_list":["post-569","page","type-page","status-publish","hentry"],"_links":{"self":[{"href":"https:\/\/directeurdeproduction.com\/en\/wp-json\/wp\/v2\/pages\/569","targetHints":{"allow":["GET"]}}],"collection":[{"href":"https:\/\/directeurdeproduction.com\/en\/wp-json\/wp\/v2\/pages"}],"about":[{"href":"https:\/\/directeurdeproduction.com\/en\/wp-json\/wp\/v2\/types\/page"}],"author":[{"embeddable":true,"href":"https:\/\/directeurdeproduction.com\/en\/wp-json\/wp\/v2\/users\/1"}],"replies":[{"embeddable":true,"href":"https:\/\/directeurdeproduction.com\/en\/wp-json\/wp\/v2\/comments?post=569"}],"version-history":[{"count":24,"href":"https:\/\/directeurdeproduction.com\/en\/wp-json\/wp\/v2\/pages\/569\/revisions"}],"predecessor-version":[{"id":3490,"href":"https:\/\/directeurdeproduction.com\/en\/wp-json\/wp\/v2\/pages\/569\/revisions\/3490"}],"wp:attachment":[{"href":"https:\/\/directeurdeproduction.com\/en\/wp-json\/wp\/v2\/media?parent=569"}],"curies":[{"name":"wp","href":"https:\/\/api.w.org\/{rel}","templated":true}]}}