{"id":269,"date":"2020-12-09T14:38:02","date_gmt":"2020-12-09T13:38:02","guid":{"rendered":"https:\/\/wordpress.directeurdeproduction.com\/?page_id=269"},"modified":"2026-01-07T17:01:48","modified_gmt":"2026-01-07T16:01:48","slug":"outils","status":"publish","type":"page","link":"https:\/\/directeurdeproduction.com\/en\/outils\/","title":{"rendered":"Tool kit"},"content":{"rendered":"<div class=\"wpb-content-wrapper\"><div class=\"vc_row wpb_row vc_row-fluid\"><div class=\"wpb_column vc_column_container vc_col-sm-12\"><div class=\"vc_column-inner\"><div class=\"wpb_wrapper\"><div id=\"ultimate-heading-355769d0c7607a010\" class=\"uvc-heading ult-adjust-bottom-margin ultimate-heading-355769d0c7607a010 uvc-7264\" data-hspacer=\"no_spacer\"  data-halign=\"left\" style=\"text-align:left\"><div class=\"uvc-heading-spacer no_spacer\" style=\"top\"><\/div><div class=\"uvc-main-heading ult-responsive\"  data-ultimate-target='.uvc-heading.ultimate-heading-355769d0c7607a010 h2'  data-responsive-json-new='{\"font-size\":\"\",\"line-height\":\"\"}' ><h2 style=\"font-weight:normal;\">Practical information<\/h2><\/div><\/div><\/div><\/div><\/div><\/div><div data-vc-full-width=\"true\" data-vc-full-width-temp=\"true\" data-vc-full-width-init=\"false\" data-vc-stretch-content=\"true\" class=\"vc_row wpb_row vc_row-fluid vc_row-o-equal-height vc_row-flex\"><div class=\"Cols-convertisseur wpb_column vc_column_container vc_col-sm-6 vc_col-has-fill\"><div class=\"vc_column-inner vc_custom_1610464088269\"><div class=\"wpb_wrapper\"><div id=\"ultimate-heading-180669d0c7607a919\" class=\"uvc-heading ult-adjust-bottom-margin ultimate-heading-180669d0c7607a919 uvc-6637\" data-hspacer=\"no_spacer\"  data-halign=\"left\" style=\"text-align:left\"><div class=\"uvc-heading-spacer no_spacer\" style=\"top\"><\/div><div class=\"uvc-main-heading ult-responsive\"  data-ultimate-target='.uvc-heading.ultimate-heading-180669d0c7607a919 h4'  data-responsive-json-new='{\"font-size\":\"\",\"line-height\":\"\"}' ><h4 style=\"font-weight:normal;color:#1f1f1f;\">Converter<\/h4><\/div><\/div><div class=\"vc_row wpb_row vc_inner vc_row-fluid PetitMargeHaut\"><div class=\"wpb_column vc_column_container vc_col-sm-12\"><div class=\"vc_column-inner\"><div class=\"wpb_wrapper\">\n\t<div class=\"wpb_text_column wpb_content_element\" >\n\t\t<div class=\"wpb_wrapper\">\n\t\t\t<iframe title=\"Convertisseur de devise: CurrencyRate.Today\" src=\"https:\/\/currencyrate.today\/load-converter?fm=EUR&#038;to=USD&#038;st=default&#038;bg=FFFFFF&#038;lg=fr&#038;tz=0&#038;lr=&#038;rd=&#038;wp=ccc_sc\" height=\"289\" width=\"100%\" frameborder=\"0\" loading=\"lazy\" scrolling=\"no\" class=\"ccc-iframe\" name=\"ccc-currency-converter-calculator\"><\/iframe><p>Convertisseur de devise  <a href=\"https:\/\/eur.fr.currencyrate.today\/usd\" class=\"ccc-base-currency-link\">EUR\/USD<\/a>: Sat, 4 Apr.<\/p>\n\n\t\t<\/div>\n\t<\/div>\n<\/div><\/div><\/div><\/div><div id=\"ultimate-heading-849769d0c7607b3d5\" class=\"uvc-heading ult-adjust-bottom-margin ultimate-heading-849769d0c7607b3d5 uvc-4002\" data-hspacer=\"no_spacer\"  data-halign=\"left\" style=\"text-align:left\"><div class=\"uvc-heading-spacer no_spacer\" style=\"top\"><\/div><div class=\"uvc-main-heading ult-responsive\"  data-ultimate-target='.uvc-heading.ultimate-heading-849769d0c7607b3d5 h4'  data-responsive-json-new='{\"font-size\":\"\",\"line-height\":\"\"}' ><h4 style=\"font-weight:normal;color:#1f1f1f;margin-top:60px;margin-bottom:30px;\">Useful links<\/h4><\/div><\/div><span id=\"creative-link-wrap-6841\" class=\"ult_main_cl ult-adjust-bottom-margin lien\" >\n\t \t\t\t<span class=\"ult_cl_link_1  ult_crlink\" >\n\t\t\t\t\t<a  data-ultimate-target='#creative-link-wrap-6841 .ult_colorlink'  data-responsive-json-new='{\"font-size\":\"\",\"line-height\":\"\"}'  href=\"http:\/\/www.sytadin.fr\/\" target=\"_blank\" rel=\"noopener\"  class=\"ult_colorlink ult-responsive\" style=\"float:left;font-weight:normal;color:#e93842; \"  data-textcolor=\"#e93842\" data-texthover=\"#5b5b5b\"data-style=\"Style_1\">\n\t\t\t\t\t\t\n\t\t\t\t\t\t<span data-hover=\"&gt; Infos trafic\" style=\"color:#e93842;;;\" class=\"ult_btn10_span\">&gt; Traffic information<\/span>\n\t\t\t\t\t\t\n\t\t\t\t\t<\/a>\n\t\t\t\t<\/span>\n\t\t\t<\/span><span id=\"creative-link-wrap-5660\" class=\"ult_main_cl ult-adjust-bottom-margin lien\" >\n\t \t\t\t<span class=\"ult_cl_link_1  ult_crlink\" >\n\t\t\t\t\t<a  data-ultimate-target='#creative-link-wrap-5660 .ult_colorlink'  data-responsive-json-new='{\"font-size\":\"\",\"line-height\":\"\"}'  href=\"http:\/\/www.sytadin.fr\/sys\/fermetures_nocturnes.jsp.html\" target=\"_blank\" rel=\"noopener\"  class=\"ult_colorlink ult-responsive\" style=\"float:left;font-weight:normal;color:#e93842; \"  data-textcolor=\"#e93842\" data-texthover=\"#5b5b5b\"data-style=\"Style_1\">\n\t\t\t\t\t\t\n\t\t\t\t\t\t<span data-hover=\"&gt; Fermeture p\u00e9riph\" style=\"color:#e93842;;;\" class=\"ult_btn10_span\">&gt; Peripheral closure<\/span>\n\t\t\t\t\t\t\n\t\t\t\t\t<\/a>\n\t\t\t\t<\/span>\n\t\t\t<\/span><span id=\"creative-link-wrap-3963\" class=\"ult_main_cl ult-adjust-bottom-margin lien\" >\n\t \t\t\t<span class=\"ult_cl_link_1  ult_crlink\" >\n\t\t\t\t\t<a  data-ultimate-target='#creative-link-wrap-3963 .ult_colorlink'  data-responsive-json-new='{\"font-size\":\"\",\"line-height\":\"\"}'  href=\"https:\/\/www.bison-fute.gouv.fr\/index.html?id_rubrique=50\" target=\"_blank\" rel=\"noopener\"  class=\"ult_colorlink ult-responsive\" style=\"float:left;font-weight:normal;color:#e93842; \"  data-textcolor=\"#e93842\" data-texthover=\"#5b5b5b\"data-style=\"Style_1\">\n\t\t\t\t\t\t\n\t\t\t\t\t\t<span data-hover=\"&gt; Restrictions PL\" style=\"color:#e93842;;;\" class=\"ult_btn10_span\">&gt; Truck restrictions<\/span>\n\t\t\t\t\t\t\n\t\t\t\t\t<\/a>\n\t\t\t\t<\/span>\n\t\t\t<\/span><span id=\"creative-link-wrap-2635\" class=\"ult_main_cl ult-adjust-bottom-margin lien\" >\n\t \t\t\t<span class=\"ult_cl_link_1  ult_crlink\" >\n\t\t\t\t\t<a  data-ultimate-target='#creative-link-wrap-2635 .ult_colorlink'  data-responsive-json-new='{\"font-size\":\"\",\"line-height\":\"\"}'  href=\"https:\/\/www.cactus2000.de\/fr\/sonne\/index.shtml\" target=\"_blank\" rel=\"noopener\"  class=\"ult_colorlink ult-responsive\" style=\"float:left;font-weight:normal;color:#e93842; \"  data-textcolor=\"#e93842\" data-texthover=\"#5b5b5b\"data-style=\"Style_1\">\n\t\t\t\t\t\t\n\t\t\t\t\t\t<span data-hover=\"&gt; Eph\u00e9m\u00e9rides\" style=\"color:#e93842;;;\" class=\"ult_btn10_span\">&gt; Ephemerides<\/span>\n\t\t\t\t\t\t\n\t\t\t\t\t<\/a>\n\t\t\t\t<\/span>\n\t\t\t<\/span><span id=\"creative-link-wrap-5609\" class=\"ult_main_cl ult-adjust-bottom-margin lien\" >\n\t \t\t\t<span class=\"ult_cl_link_1  ult_crlink\" >\n\t\t\t\t\t<a  data-ultimate-target='#creative-link-wrap-5609 .ult_colorlink'  data-responsive-json-new='{\"font-size\":\"\",\"line-height\":\"\"}'  href=\"https:\/\/www.lachainemeteo.com\/meteo-france\/previsions-meteo-france-aujourdhui\" target=\"_blank\" rel=\"noopener\"  class=\"ult_colorlink ult-responsive\" style=\"float:left;font-weight:normal;color:#e93842; \"  data-textcolor=\"#e93842\" data-texthover=\"#5b5b5b\"data-style=\"Style_1\">\n\t\t\t\t\t\t\n\t\t\t\t\t\t<span data-hover=\"&gt; M\u00e9t\u00e9o\" style=\"color:#e93842;;;\" class=\"ult_btn10_span\">&gt; M\u00e9t\u00e9o<\/span>\n\t\t\t\t\t\t\n\t\t\t\t\t<\/a>\n\t\t\t\t<\/span>\n\t\t\t<\/span><span id=\"creative-link-wrap-4947\" class=\"ult_main_cl ult-adjust-bottom-margin lien\" >\n\t \t\t\t<span class=\"ult_cl_link_1  ult_crlink\" >\n\t\t\t\t\t<a  data-ultimate-target='#creative-link-wrap-4947 .ult_colorlink'  data-responsive-json-new='{\"font-size\":\"\",\"line-height\":\"\"}'  href=\"https:\/\/www.wordreference.com\/fr\/\" target=\"_blank\" rel=\"noopener\"  class=\"ult_colorlink ult-responsive\" style=\"float:left;font-weight:normal;color:#e93842; \"  data-textcolor=\"#e93842\" data-texthover=\"#5b5b5b\"data-style=\"Style_1\">\n\t\t\t\t\t\t\n\t\t\t\t\t\t<span data-hover=\"&gt; Traducteur\" style=\"color:#e93842;;;\" class=\"ult_btn10_span\">&gt; Translator<\/span>\n\t\t\t\t\t\t\n\t\t\t\t\t<\/a>\n\t\t\t\t<\/span>\n\t\t\t<\/span><span id=\"creative-link-wrap-3024\" class=\"ult_main_cl ult-adjust-bottom-margin lien\" >\n\t \t\t\t<span class=\"ult_cl_link_1  ult_crlink\" >\n\t\t\t\t\t<a  data-ultimate-target='#creative-link-wrap-3024 .ult_colorlink'  data-responsive-json-new='{\"font-size\":\"\",\"line-height\":\"\"}'  href=\"https:\/\/www.lexilogos.com\/\" target=\"_blank\" rel=\"noopener\"  class=\"ult_colorlink ult-responsive\" style=\"float:left;font-weight:normal;color:#e93842; \"  data-textcolor=\"#e93842\" data-texthover=\"#5b5b5b\"data-style=\"Style_1\">\n\t\t\t\t\t\t\n\t\t\t\t\t\t<span data-hover=\"&gt; Lexilogos\" style=\"color:#e93842;;;\" class=\"ult_btn10_span\">&gt; Lexilogos<\/span>\n\t\t\t\t\t\t\n\t\t\t\t\t<\/a>\n\t\t\t\t<\/span>\n\t\t\t<\/span><span id=\"creative-link-wrap-8500\" class=\"ult_main_cl ult-adjust-bottom-margin lien\" >\n\t \t\t\t<span class=\"ult_cl_link_1  ult_crlink\" >\n\t\t\t\t\t<a  data-ultimate-target='#creative-link-wrap-8500 .ult_colorlink'  data-responsive-json-new='{\"font-size\":\"\",\"line-height\":\"\"}'  href=\"http:\/\/www.lecinedico.com\/?lang=en\" target=\"_blank\" rel=\"noopener\"  class=\"ult_colorlink ult-responsive\" style=\"float:left;font-weight:normal;color:#e93842; \"  data-textcolor=\"#e93842\" data-texthover=\"#5b5b5b\"data-style=\"Style_1\">\n\t\t\t\t\t\t\n\t\t\t\t\t\t<span data-hover=\"&gt; The cinedico\" style=\"color:#e93842;;;\" class=\"ult_btn10_span\">&gt; The cinedico<\/span>\n\t\t\t\t\t\t\n\t\t\t\t\t<\/a>\n\t\t\t\t<\/span>\n\t\t\t<\/span><span id=\"creative-link-wrap-1479\" class=\"ult_main_cl ult-adjust-bottom-margin lien\" >\n\t \t\t\t<span class=\"ult_cl_link_1  ult_crlink\" >\n\t\t\t\t\t<a  data-ultimate-target='#creative-link-wrap-1479 .ult_colorlink'  data-responsive-json-new='{\"font-size\":\"\",\"line-height\":\"\"}'  href=\"https:\/\/converticious.com\/fr\/\" target=\"_blank\" rel=\"noopener\"  class=\"ult_colorlink ult-responsive\" style=\"float:left;font-weight:normal;color:#e93842; \"  data-textcolor=\"#e93842\" data-texthover=\"#5b5b5b\"data-style=\"Style_1\">\n\t\t\t\t\t\t\n\t\t\t\t\t\t<span data-hover=\"&gt; Unit\u00e9s de mesure\" style=\"color:#e93842;;;\" class=\"ult_btn10_span\">&gt; Units of measurement<\/span>\n\t\t\t\t\t\t\n\t\t\t\t\t<\/a>\n\t\t\t\t<\/span>\n\t\t\t<\/span><\/div><\/div><\/div><div class=\"wpb_column vc_column_container vc_col-sm-6 vc_col-has-fill\"><div class=\"vc_column-inner vc_custom_1610464122132\"><div class=\"wpb_wrapper\"><div id=\"ultimate-heading-118269d0c7607b8a4\" class=\"uvc-heading ult-adjust-bottom-margin ultimate-heading-118269d0c7607b8a4 uvc-2096\" data-hspacer=\"no_spacer\"  data-halign=\"center\" style=\"text-align:center\"><div class=\"uvc-heading-spacer no_spacer\" style=\"top\"><\/div><div class=\"uvc-main-heading ult-responsive\"  data-ultimate-target='.uvc-heading.ultimate-heading-118269d0c7607b8a4 h4'  data-responsive-json-new='{\"font-size\":\"\",\"line-height\":\"\"}' ><h4 style=\"font-weight:normal;color:#ffffff;\">Emergency numbers<\/h4><\/div><\/div>\n\t<div class=\"wpb_text_column wpb_content_element margeHaut\" >\n\t\t<div class=\"wpb_wrapper\">\n\t\t\t<p style=\"text-align: center;\"><span class=\"white\">Emergency number (European standard)<\/span><br \/>\n<span class=\"textesurfondnoir\">112<\/span><\/p>\n<p>&nbsp;<\/p>\n<p style=\"text-align: center;\"><span class=\"white\">Medical emergency, SAMU<\/span><br \/>\n<span class=\"textesurfondnoir\">15<\/span><\/p>\n<p>&nbsp;<\/p>\n<p style=\"text-align: center;\"><span class=\"white\">Security emergency, National Police or National Gendarmerie<\/span><br \/>\n<span class=\"textesurfondnoir\">17<\/span><\/p>\n<p>&nbsp;<\/p>\n<p style=\"text-align: center;\"><span class=\"white\">Emergency rescue services, Fire department<\/span><br \/>\n<span class=\"textesurfondnoir\">18<\/span><\/p>\n<p>&nbsp;<\/p>\n<p style=\"text-align: center;\"><span class=\"white\">S.O.S. Doctors<\/span><br \/>\n<span class=\"textesurfondnoir\">01 47 07 77 77<\/span><\/p>\n<p>&nbsp;<\/p>\n<p style=\"text-align: center;\"><span class=\"white\">Poison Control Center<\/span><br \/>\n<span class=\"textesurfondnoir\">01 40 05 48 48<\/span><\/p>\n<p>&nbsp;<\/p>\n<p style=\"text-align: center;\"><span class=\"white\">Burn Unit \u2013 Cochin Hospital<\/span><br \/>\n<span class=\"textesurfondnoir\">01 58 41 26 49<\/span><\/p>\n<p>&nbsp;<\/p>\n<p style=\"text-align: center;\"><span class=\"white\">Cardiology hotline<\/span><br \/>\n<span class=\"textesurfondnoir\">01 47 07 50 50<\/span><\/p>\n<p>&nbsp;<\/p>\n<p style=\"text-align: center;\"><span class=\"white\">Dental emergency<\/span><br \/>\n<span class=\"textesurfondnoir\">01 43 37 51 00<\/span><\/p>\n<p>&nbsp;<\/p>\n<p style=\"text-align: center;\"><span class=\"white\">S.O.S. Nurses<\/span><br \/>\n<span class=\"textesurfondnoir\">01 48 87 77 77<\/span><\/p>\n<p>&nbsp;<\/p>\n<p style=\"text-align: center;\"><span class=\"white\">Paris Medical Emergencies<\/span><br \/>\n<span class=\"textesurfondnoir\">01 53 94 94 94<\/span><\/p>\n<p>&nbsp;<\/p>\n<p style=\"text-align: center;\"><span class=\"white\">Pediatric emergency<\/span><br \/>\n<span class=\"textesurfondnoir\">01 43 94 35 01<\/span><\/p>\n<p>&nbsp;<\/p>\n<p style=\"text-align: center;\"><span class=\"white\">Psychiatry S.O.S<\/span><br \/>\n<span class=\"textesurfondnoir\">01 47 07 24 24<\/span><\/p>\n<p>&nbsp;<\/p>\n<p style=\"text-align: center;\"><span class=\"white\">Violence against women info<\/span><br \/>\n<span class=\"textesurfondnoir\">3919<\/span><\/p>\n<p>&nbsp;<\/p>\n<p style=\"text-align: center;\"><span class=\"white\">Pharmacies open 24 hours a day in Paris<\/span><br \/>\n<span class=\"textesurfondnoir\">84, Av. des Champs Elys\u00e9es 75008 &#8211; 01 45 62 02 41<br \/>\n6, Place de Clichy 75009 &#8211; 01 48 74 65 18<\/span><\/p>\n\n\t\t<\/div>\n\t<\/div>\n<\/div><\/div><\/div><\/div><div class=\"vc_row-full-width vc_clearfix\"><\/div>\n<\/div>","protected":false},"excerpt":{"rendered":"Informations pratiquesConvertisseur Convertisseur de devise EUR\/USD: Sat, 4 Apr. Liens pratiques &gt; Infos trafic &gt; Fermeture p\u00e9riph &gt; Restrictions PL &gt; Eph\u00e9m\u00e9rides &gt; M\u00e9t\u00e9o &gt; Traducteur &gt; Lexilogos &gt; The cinedico &gt; Unit\u00e9s de mesure Num\u00e9ros d'urgence Num\u00e9ro d'urgence (norme [...]","protected":false},"author":1,"featured_media":0,"parent":0,"menu_order":0,"comment_status":"closed","ping_status":"closed","template":"","meta":{"_seopress_robots_primary_cat":"","_seopress_titles_title":"","_seopress_titles_desc":"","_seopress_robots_index":"","_bbp_topic_count":0,"_bbp_reply_count":0,"_bbp_total_topic_count":0,"_bbp_total_reply_count":0,"_bbp_voice_count":0,"_bbp_anonymous_reply_count":0,"_bbp_topic_count_hidden":0,"_bbp_reply_count_hidden":0,"_bbp_forum_subforum_count":0,"footnotes":""},"class_list":["post-269","page","type-page","status-publish","hentry"],"_links":{"self":[{"href":"https:\/\/directeurdeproduction.com\/en\/wp-json\/wp\/v2\/pages\/269","targetHints":{"allow":["GET"]}}],"collection":[{"href":"https:\/\/directeurdeproduction.com\/en\/wp-json\/wp\/v2\/pages"}],"about":[{"href":"https:\/\/directeurdeproduction.com\/en\/wp-json\/wp\/v2\/types\/page"}],"author":[{"embeddable":true,"href":"https:\/\/directeurdeproduction.com\/en\/wp-json\/wp\/v2\/users\/1"}],"replies":[{"embeddable":true,"href":"https:\/\/directeurdeproduction.com\/en\/wp-json\/wp\/v2\/comments?post=269"}],"version-history":[{"count":27,"href":"https:\/\/directeurdeproduction.com\/en\/wp-json\/wp\/v2\/pages\/269\/revisions"}],"predecessor-version":[{"id":3377,"href":"https:\/\/directeurdeproduction.com\/en\/wp-json\/wp\/v2\/pages\/269\/revisions\/3377"}],"wp:attachment":[{"href":"https:\/\/directeurdeproduction.com\/en\/wp-json\/wp\/v2\/media?parent=269"}],"curies":[{"name":"wp","href":"https:\/\/api.w.org\/{rel}","templated":true}]}}